{"id":24,"date":"2022-06-13T17:17:18","date_gmt":"2022-06-13T17:17:18","guid":{"rendered":"https:\/\/crossways.ch\/?page_id=24"},"modified":"2024-06-21T11:38:50","modified_gmt":"2024-06-21T11:38:50","slug":"coaching","status":"publish","type":"page","link":"https:\/\/crossways.ch\/en\/coaching\/","title":{"rendered":"1:1 Coaching"},"content":{"rendered":"<p>As a coach and sparring partner, I encourage you to reflect on yourself and your story. Your very personal resources enable you to discover and pursue new professional paths. <\/p>\n\n\n\n<p>I listen honestly, question, reflect and challenge you throughout the process of rediscovery - always with a touch of humour.<br><br>I am happy to accompany you in my office in Richterswil or virtually in your next professional adventure.<br><br><\/p>\n\n\n\n<div style=\"height:30px\" aria-hidden=\"true\" class=\"wp-block-spacer\"><\/div>\n\n\n\n<div style=\"height:150px\" aria-hidden=\"true\" class=\"wp-block-spacer hide-on-mobile\"><\/div>\n\n\n\n<div class=\"wp-block-columns hide-on-mobile is-layout-flex wp-container-core-columns-is-layout-28f84493 wp-block-columns-is-layout-flex\">\n<div class=\"wp-block-column is-layout-flow wp-block-column-is-layout-flow\">\n<figure class=\"wp-block-image size-large is-resized\"><img fetchpriority=\"high\" decoding=\"async\" width=\"479\" height=\"393\" src=\"https:\/\/crossways.ch\/wp-content\/uploads\/2022\/09\/MT_Icons-04.svg\" alt=\"\" class=\"wp-image-483\" style=\"width:125px;height:99px\"\/><\/figure>\n\n\n\n<p>Career planning 2.0<br>40+<\/p>\n\n\n\n<p class=\"has-small-font-size\"><span style=\"text-decoration: underline;\"><a href=\"#laufbahnplanung\" data-type=\"internal\" data-id=\"#laufbahnplanung\">learn more<\/a><\/span><\/p>\n<\/div>\n\n\n\n<div class=\"wp-block-column is-layout-flow wp-block-column-is-layout-flow\">\n<figure class=\"wp-block-image size-large is-resized\"><img decoding=\"async\" width=\"479\" height=\"393\" src=\"https:\/\/crossways.ch\/wp-content\/uploads\/2022\/09\/MT_Icons-09.svg\" alt=\"\" class=\"wp-image-488\" style=\"width:120px;height:101px\"\/><\/figure>\n\n\n\n<p>But there was one thing...<br>Midlife crisis or midlife<br>chance?<\/p>\n\n\n\n<p class=\"has-small-font-size\"><span style=\"text-decoration: underline;\"><a href=\"#da\" data-type=\"internal\" data-id=\"#da\">learn more<\/a><\/span><\/p>\n<\/div>\n\n\n\n<div class=\"wp-block-column is-layout-flow wp-block-column-is-layout-flow\">\n<figure class=\"wp-block-image size-large is-resized\"><img decoding=\"async\" width=\"479\" height=\"393\" src=\"https:\/\/crossways.ch\/wp-content\/uploads\/2022\/09\/MT_Icons-10.svg\" alt=\"\" class=\"wp-image-489\" style=\"width:126px;height:101px\"\/><\/figure>\n\n\n\n<p>Returning to<br>work after<br>family leave<\/p>\n\n\n\n<p class=\"has-small-font-size\"><span style=\"text-decoration: underline;\"><a href=\"#r\u00fcckkehr\" data-type=\"internal\" data-id=\"#r\u00fcckkehr\">learn more<\/a><\/span><\/p>\n<\/div>\n<\/div>\n\n\n\n<div class=\"wp-block-columns hide-on-mobile is-layout-flex wp-container-core-columns-is-layout-28f84493 wp-block-columns-is-layout-flex\">\n<div class=\"wp-block-column is-layout-flow wp-block-column-is-layout-flow\">\n<figure class=\"wp-block-image size-large is-resized\"><img loading=\"lazy\" decoding=\"async\" width=\"479\" height=\"393\" src=\"https:\/\/crossways.ch\/wp-content\/uploads\/2022\/09\/MT_Icons-11.svg\" alt=\"\" class=\"wp-image-490\" style=\"width:118px;height:100px\"\/><\/figure>\n\n\n\n<p>Job loss -<br>what now?<\/p>\n\n\n\n<p class=\"has-small-font-size\"><span style=\"text-decoration: underline;\"><a href=\"#jobverlust\" data-type=\"internal\" data-id=\"#jobverlust\">learn more<\/a><\/span><\/p>\n<\/div>\n\n\n\n<div class=\"wp-block-column is-layout-flow wp-block-column-is-layout-flow\">\n<figure class=\"wp-block-image size-large is-resized\"><img loading=\"lazy\" decoding=\"async\" width=\"479\" height=\"393\" src=\"https:\/\/crossways.ch\/wp-content\/uploads\/2022\/09\/MT_Icons-12.svg\" alt=\"\" class=\"wp-image-491\" style=\"width:118px;height:99px\"\/><\/figure>\n\n\n\n<p>Retirement -<br>what is yet to come<\/p>\n\n\n\n<p class=\"has-small-font-size\"><span style=\"text-decoration: underline;\"><a href=\"#pension\">learn more<\/a><\/span><\/p>\n<\/div>\n\n\n\n<div class=\"wp-block-column is-layout-flow wp-block-column-is-layout-flow\">\n<figure class=\"wp-block-image size-large is-resized\"><img loading=\"lazy\" decoding=\"async\" width=\"479\" height=\"393\" src=\"https:\/\/crossways.ch\/wp-content\/uploads\/2022\/09\/MT_Icons-13.svg\" alt=\"\" class=\"wp-image-492\" style=\"width:119px;height:101px\"\/><\/figure>\n\n\n\n<p>Individual topic<br>as desired<\/p>\n\n\n\n<p class=\"has-small-font-size\"><span style=\"text-decoration: underline;\"><a href=\"#individuelles\">learn more<\/a><\/span><\/p>\n<\/div>\n<\/div>\n\n\n\n<div style=\"height:150px\" aria-hidden=\"true\" class=\"wp-block-spacer\"><\/div>\n\n\n\n<h2 class=\"wp-block-heading\" id=\"laufbahnplanung\">Coaching issues in detail<\/h2>\n\n\n\n<div style=\"height:20px\" aria-hidden=\"true\" class=\"wp-block-spacer\"><\/div>\n\n\n\n<div class=\"wp-block-media-text is-stacked-on-mobile is-vertically-aligned-top\" style=\"grid-template-columns:17% auto\"><figure class=\"wp-block-media-text__media\"><img loading=\"lazy\" decoding=\"async\" width=\"479\" height=\"393\" src=\"https:\/\/crossways.ch\/wp-content\/uploads\/2022\/09\/MT_Icons-04.svg\" alt=\"\" class=\"wp-image-483 size-full\"\/><\/figure><div class=\"wp-block-media-text__content\">\n<h2 class=\"wp-block-heading\">Career planning 2.0<\/h2>\n\n\n\n<p>You have already spent years in your established profession, have developed and progressed. But all of a sudden the old clothes start to pinch. It does not fit anymore, your motivation stagnates and you can no longer stand behind what you are doing. <\/p>\n\n\n\n<p>Together we analyse your path so far and define your job portfolio. Then you will draft new opportunities for your next professional career move. So that you are once again enthusiastic and happy about what you are doing.<\/p>\n<\/div><\/div>\n\n\n\n<div style=\"height:150px\" aria-hidden=\"true\" id=\"da\" class=\"wp-block-spacer hide-on-mobile\"><\/div>\n\n\n\n<div class=\"wp-block-media-text alignwide is-stacked-on-mobile is-vertically-aligned-top\" style=\"grid-template-columns:17% auto\"><figure class=\"wp-block-media-text__media\"><img loading=\"lazy\" decoding=\"async\" width=\"479\" height=\"393\" src=\"https:\/\/crossways.ch\/wp-content\/uploads\/2022\/09\/MT_Icons-09.svg\" alt=\"\" class=\"wp-image-488 size-full\"\/><\/figure><div class=\"wp-block-media-text__content\">\n<h2 class=\"wp-block-heading\">But there was one thing... <br>Midlife crisis or midlife chance?<\/h2>\n\n\n\n<p>Happiness research confirms that people between 45 and 55 are most dissatisfied with their lives. It is a turbulent time in which hormones and external influences (children going through puberty, parents in need of care, etc.) go crazy. Was that all and what is still to come?<br><\/p>\n\n\n\n<p>I accompany you in this challenging process, support you in sorting out your ideas and thoughts. Together we will design a plan so that you know what your heart's project looks like for the next couple of years.<\/p>\n<\/div><\/div>\n\n\n\n<div style=\"height:150px\" aria-hidden=\"true\" id=\"r\u00fcckkehr\" class=\"wp-block-spacer hide-on-mobile\"><\/div>\n\n\n\n<div class=\"wp-block-media-text alignwide is-stacked-on-mobile is-vertically-aligned-top\" style=\"grid-template-columns:17% auto\"><figure class=\"wp-block-media-text__media\"><img loading=\"lazy\" decoding=\"async\" width=\"479\" height=\"393\" src=\"https:\/\/crossways.ch\/wp-content\/uploads\/2022\/09\/MT_Icons-10.svg\" alt=\"\" class=\"wp-image-489 size-full\"\/><\/figure><div class=\"wp-block-media-text__content\">\n<h2 class=\"wp-block-heading\">Returning to work after family leave<\/h2>\n\n\n\n<p>Your children are already more independent or out of the family home and you want to try something new in your career, perhaps a new job, further training or all of the above? <\/p>\n\n\n\n<p>I support you in reflecting on and compiling your wealth of experience in a portfolio, developing your vision and marketing yourself on the job market. In doing so, you will become aware of your strengths, values and interests and will confidently embark on a new future. <\/p>\n<\/div><\/div>\n\n\n\n<div style=\"height:150px\" aria-hidden=\"true\" id=\"jobverlust\" class=\"wp-block-spacer hide-on-mobile\"><\/div>\n\n\n\n<div class=\"wp-block-media-text alignwide is-stacked-on-mobile is-vertically-aligned-top\" style=\"grid-template-columns:17% auto\"><figure class=\"wp-block-media-text__media\"><img loading=\"lazy\" decoding=\"async\" width=\"479\" height=\"393\" src=\"https:\/\/crossways.ch\/wp-content\/uploads\/2022\/09\/MT_Icons-11.svg\" alt=\"\" class=\"wp-image-490 size-full\"\/><\/figure><div class=\"wp-block-media-text__content\">\n<h2 class=\"wp-block-heading\">Job loss - what now?<\/h2>\n\n\n\n<p>A dismissal often comes unexpectedly and hits our self-worth. What now and what next? <\/p>\n\n\n\n<p>Together we will find out what strengths you have and what makes you unique. You develop new goals and find ways to pursue them. In the process, I will accompany you in defining your profile, setting up your self-marketing and launching your new job. <\/p>\n<\/div><\/div>\n\n\n\n<div style=\"height:150px\" aria-hidden=\"true\" id=\"pension\" class=\"wp-block-spacer hide-on-mobile\"><\/div>\n\n\n\n<div class=\"wp-block-media-text alignwide is-stacked-on-mobile is-vertically-aligned-top\" style=\"grid-template-columns:17% auto\"><figure class=\"wp-block-media-text__media\"><img loading=\"lazy\" decoding=\"async\" width=\"479\" height=\"393\" src=\"https:\/\/crossways.ch\/wp-content\/uploads\/2022\/09\/MT_Icons-12.svg\" alt=\"\" class=\"wp-image-491 size-full\"\/><\/figure><div class=\"wp-block-media-text__content\">\n<h2 class=\"wp-block-heading\">Retirement - what is yet to come?<\/h2>\n\n\n\n<p>Finally retired, finally free... After the honeymoon of retirement with travelling, gardening, meeting friends, looking after grandchildren, the big disillusionment often follows. The daily structure and a task are missing, and sometimes also the sense to fill the newly won time. And yet you still feel so healthy and fit. <\/p>\n\n\n\n<p>Let us discover together what is still lying dormant in you and wants to be lived. It can be everything, but it doesn't have to be. So that the pension will be fun.<\/p>\n<\/div><\/div>\n\n\n\n<div style=\"height:150px\" aria-hidden=\"true\" id=\"individuelles\" class=\"wp-block-spacer hide-on-mobile\"><\/div>\n\n\n\n<p><\/p>\n\n\n\n<div style=\"height:80px\" aria-hidden=\"true\" class=\"wp-block-spacer\"><\/div>","protected":false},"excerpt":{"rendered":"<p>Als Coach und Sparring-Partnerin mache ich Ihnen Mut, \u00fcber sich und Ihre Geschichte zu reflektieren. Ihre ganz pers\u00f6nlichen Ressourcen erm\u00f6glichen Ihnen, neue berufliche Wege zu entdecken und zu gehen. Dabei h\u00f6re ich ehrlich zu, hinterfrage, spiegle und fordere Sie heraus im gesamten Prozess der Neufindung \u2013 immer wieder gerne mit einer Prise Humor. Gerne begleite &hellip; <\/p>\n<p class=\"link-more\"><a href=\"https:\/\/crossways.ch\/en\/coaching\/\" class=\"more-link\">Read more<span class=\"screen-reader-text\"> &#171;1:1 Coaching&#187;<\/span><\/a><\/p>","protected":false},"author":1,"featured_media":0,"parent":0,"menu_order":0,"comment_status":"closed","ping_status":"closed","template":"","meta":{"footnotes":""},"class_list":["post-24","page","type-page","status-publish","hentry"],"yoast_head":"<!-- This site is optimized with the Yoast SEO plugin v27.4 - https:\/\/yoast.com\/product\/yoast-seo-wordpress\/ -->\n<title>crossways - 1:1 Coaching<\/title>\n<meta name=\"description\" content=\"Driving positive change at work\" \/>\n<meta name=\"robots\" content=\"index, follow, max-snippet:-1, max-image-preview:large, max-video-preview:-1\" \/>\n<link rel=\"canonical\" href=\"https:\/\/crossways.ch\/en\/coaching\/\" \/>\n<meta property=\"og:locale\" content=\"en_GB\" \/>\n<meta property=\"og:type\" content=\"article\" \/>\n<meta property=\"og:title\" content=\"crossways - 1:1 Coaching\" \/>\n<meta property=\"og:description\" content=\"Driving positive change at work\" \/>\n<meta property=\"og:url\" content=\"https:\/\/crossways.ch\/en\/coaching\/\" \/>\n<meta property=\"og:site_name\" content=\"crossways\" \/>\n<meta property=\"article:modified_time\" content=\"2024-06-21T11:38:50+00:00\" \/>\n<meta property=\"og:image\" content=\"https:\/\/crossways.ch\/wp-content\/uploads\/2022\/09\/MT_Icons-04.svg\" \/>\n<meta name=\"twitter:card\" content=\"summary_large_image\" \/>\n<meta name=\"twitter:label1\" content=\"Estimated reading time\" \/>\n\t<meta name=\"twitter:data1\" content=\"5 minutes\" \/>\n<script type=\"application\/ld+json\" class=\"yoast-schema-graph\">{\"@context\":\"https:\\\/\\\/schema.org\",\"@graph\":[{\"@type\":\"WebPage\",\"@id\":\"https:\\\/\\\/crossways.ch\\\/coaching\\\/\",\"url\":\"https:\\\/\\\/crossways.ch\\\/coaching\\\/\",\"name\":\"crossways - 1:1 Coaching\",\"isPartOf\":{\"@id\":\"https:\\\/\\\/crossways.ch\\\/#website\"},\"primaryImageOfPage\":{\"@id\":\"https:\\\/\\\/crossways.ch\\\/coaching\\\/#primaryimage\"},\"image\":{\"@id\":\"https:\\\/\\\/crossways.ch\\\/coaching\\\/#primaryimage\"},\"thumbnailUrl\":\"https:\\\/\\\/crossways.ch\\\/wp-content\\\/uploads\\\/2022\\\/09\\\/MT_Icons-04.svg\",\"datePublished\":\"2022-06-13T17:17:18+00:00\",\"dateModified\":\"2024-06-21T11:38:50+00:00\",\"description\":\"Driving positive change at work\",\"breadcrumb\":{\"@id\":\"https:\\\/\\\/crossways.ch\\\/coaching\\\/#breadcrumb\"},\"inLanguage\":\"en-GB\",\"potentialAction\":[{\"@type\":\"ReadAction\",\"target\":[\"https:\\\/\\\/crossways.ch\\\/coaching\\\/\"]}]},{\"@type\":\"ImageObject\",\"inLanguage\":\"en-GB\",\"@id\":\"https:\\\/\\\/crossways.ch\\\/coaching\\\/#primaryimage\",\"url\":\"https:\\\/\\\/crossways.ch\\\/wp-content\\\/uploads\\\/2022\\\/09\\\/MT_Icons-04.svg\",\"contentUrl\":\"https:\\\/\\\/crossways.ch\\\/wp-content\\\/uploads\\\/2022\\\/09\\\/MT_Icons-04.svg\"},{\"@type\":\"BreadcrumbList\",\"@id\":\"https:\\\/\\\/crossways.ch\\\/coaching\\\/#breadcrumb\",\"itemListElement\":[{\"@type\":\"ListItem\",\"position\":1,\"name\":\"Home\",\"item\":\"https:\\\/\\\/crossways.ch\\\/\"},{\"@type\":\"ListItem\",\"position\":2,\"name\":\"1:1 Coaching\"}]},{\"@type\":\"WebSite\",\"@id\":\"https:\\\/\\\/crossways.ch\\\/#website\",\"url\":\"https:\\\/\\\/crossways.ch\\\/\",\"name\":\"crossways\",\"description\":\"Driving positive change at work\",\"publisher\":{\"@id\":\"https:\\\/\\\/crossways.ch\\\/#organization\"},\"potentialAction\":[{\"@type\":\"SearchAction\",\"target\":{\"@type\":\"EntryPoint\",\"urlTemplate\":\"https:\\\/\\\/crossways.ch\\\/?s={search_term_string}\"},\"query-input\":{\"@type\":\"PropertyValueSpecification\",\"valueRequired\":true,\"valueName\":\"search_term_string\"}}],\"inLanguage\":\"en-GB\"},{\"@type\":\"Organization\",\"@id\":\"https:\\\/\\\/crossways.ch\\\/#organization\",\"name\":\"crossways\",\"url\":\"https:\\\/\\\/crossways.ch\\\/\",\"logo\":{\"@type\":\"ImageObject\",\"inLanguage\":\"en-GB\",\"@id\":\"https:\\\/\\\/crossways.ch\\\/#\\\/schema\\\/logo\\\/image\\\/\",\"url\":\"https:\\\/\\\/crossways.ch\\\/wp-content\\\/uploads\\\/2022\\\/09\\\/Frame-2.svg\",\"contentUrl\":\"https:\\\/\\\/crossways.ch\\\/wp-content\\\/uploads\\\/2022\\\/09\\\/Frame-2.svg\",\"width\":80,\"height\":40,\"caption\":\"crossways\"},\"image\":{\"@id\":\"https:\\\/\\\/crossways.ch\\\/#\\\/schema\\\/logo\\\/image\\\/\"}}]}<\/script>\n<!-- \/ Yoast SEO plugin. -->","yoast_head_json":{"title":"crossways - 1:1 Coaching","description":"Driving positive change at work","robots":{"index":"index","follow":"follow","max-snippet":"max-snippet:-1","max-image-preview":"max-image-preview:large","max-video-preview":"max-video-preview:-1"},"canonical":"https:\/\/crossways.ch\/en\/coaching\/","og_locale":"en_GB","og_type":"article","og_title":"crossways - 1:1 Coaching","og_description":"Driving positive change at work","og_url":"https:\/\/crossways.ch\/en\/coaching\/","og_site_name":"crossways","article_modified_time":"2024-06-21T11:38:50+00:00","og_image":[{"url":"https:\/\/crossways.ch\/wp-content\/uploads\/2022\/09\/MT_Icons-04.svg","type":"","width":"","height":""}],"twitter_card":"summary_large_image","twitter_misc":{"Estimated reading time":"5 minutes"},"schema":{"@context":"https:\/\/schema.org","@graph":[{"@type":"WebPage","@id":"https:\/\/crossways.ch\/coaching\/","url":"https:\/\/crossways.ch\/coaching\/","name":"crossways - 1:1 Coaching","isPartOf":{"@id":"https:\/\/crossways.ch\/#website"},"primaryImageOfPage":{"@id":"https:\/\/crossways.ch\/coaching\/#primaryimage"},"image":{"@id":"https:\/\/crossways.ch\/coaching\/#primaryimage"},"thumbnailUrl":"https:\/\/crossways.ch\/wp-content\/uploads\/2022\/09\/MT_Icons-04.svg","datePublished":"2022-06-13T17:17:18+00:00","dateModified":"2024-06-21T11:38:50+00:00","description":"Driving positive change at work","breadcrumb":{"@id":"https:\/\/crossways.ch\/coaching\/#breadcrumb"},"inLanguage":"en-GB","potentialAction":[{"@type":"ReadAction","target":["https:\/\/crossways.ch\/coaching\/"]}]},{"@type":"ImageObject","inLanguage":"en-GB","@id":"https:\/\/crossways.ch\/coaching\/#primaryimage","url":"https:\/\/crossways.ch\/wp-content\/uploads\/2022\/09\/MT_Icons-04.svg","contentUrl":"https:\/\/crossways.ch\/wp-content\/uploads\/2022\/09\/MT_Icons-04.svg"},{"@type":"BreadcrumbList","@id":"https:\/\/crossways.ch\/coaching\/#breadcrumb","itemListElement":[{"@type":"ListItem","position":1,"name":"Home","item":"https:\/\/crossways.ch\/"},{"@type":"ListItem","position":2,"name":"1:1 Coaching"}]},{"@type":"WebSite","@id":"https:\/\/crossways.ch\/#website","url":"https:\/\/crossways.ch\/","name":"crossways","description":"Driving positive change at work","publisher":{"@id":"https:\/\/crossways.ch\/#organization"},"potentialAction":[{"@type":"SearchAction","target":{"@type":"EntryPoint","urlTemplate":"https:\/\/crossways.ch\/?s={search_term_string}"},"query-input":{"@type":"PropertyValueSpecification","valueRequired":true,"valueName":"search_term_string"}}],"inLanguage":"en-GB"},{"@type":"Organization","@id":"https:\/\/crossways.ch\/#organization","name":"crossways","url":"https:\/\/crossways.ch\/","logo":{"@type":"ImageObject","inLanguage":"en-GB","@id":"https:\/\/crossways.ch\/#\/schema\/logo\/image\/","url":"https:\/\/crossways.ch\/wp-content\/uploads\/2022\/09\/Frame-2.svg","contentUrl":"https:\/\/crossways.ch\/wp-content\/uploads\/2022\/09\/Frame-2.svg","width":80,"height":40,"caption":"crossways"},"image":{"@id":"https:\/\/crossways.ch\/#\/schema\/logo\/image\/"}}]}},"_links":{"self":[{"href":"https:\/\/crossways.ch\/en\/wp-json\/wp\/v2\/pages\/24","targetHints":{"allow":["GET"]}}],"collection":[{"href":"https:\/\/crossways.ch\/en\/wp-json\/wp\/v2\/pages"}],"about":[{"href":"https:\/\/crossways.ch\/en\/wp-json\/wp\/v2\/types\/page"}],"author":[{"embeddable":true,"href":"https:\/\/crossways.ch\/en\/wp-json\/wp\/v2\/users\/1"}],"replies":[{"embeddable":true,"href":"https:\/\/crossways.ch\/en\/wp-json\/wp\/v2\/comments?post=24"}],"version-history":[{"count":79,"href":"https:\/\/crossways.ch\/en\/wp-json\/wp\/v2\/pages\/24\/revisions"}],"predecessor-version":[{"id":1493,"href":"https:\/\/crossways.ch\/en\/wp-json\/wp\/v2\/pages\/24\/revisions\/1493"}],"wp:attachment":[{"href":"https:\/\/crossways.ch\/en\/wp-json\/wp\/v2\/media?parent=24"}],"curies":[{"name":"wp","href":"https:\/\/api.w.org\/{rel}","templated":true}]}}