{"id":22,"date":"2022-06-13T17:16:58","date_gmt":"2022-06-13T17:16:58","guid":{"rendered":"https:\/\/crossways.ch\/?page_id=22"},"modified":"2024-09-06T19:14:18","modified_gmt":"2024-09-06T19:14:18","slug":"willkommen","status":"publish","type":"page","link":"https:\/\/crossways.ch\/en\/","title":{"rendered":""},"content":{"rendered":"<h1 class=\"wp-block-heading\">Driving positive<br>change at work.<\/h1>\n\n\n\n<div style=\"height:98px\" aria-hidden=\"true\" class=\"wp-block-spacer height-50-on-mobile\"><\/div>\n\n\n\n<div class=\"wp-block-media-text alignwide is-stacked-on-mobile portrait\" style=\"grid-template-columns:40% auto\"><figure class=\"wp-block-media-text__media\"><img fetchpriority=\"high\" decoding=\"async\" width=\"473\" height=\"618\" src=\"https:\/\/crossways.ch\/wp-content\/uploads\/2022\/09\/mirjam_darker-2.png\" alt=\"\" class=\"wp-image-114 size-full\" srcset=\"https:\/\/crossways.ch\/wp-content\/uploads\/2022\/09\/mirjam_darker-2.png 473w, https:\/\/crossways.ch\/wp-content\/uploads\/2022\/09\/mirjam_darker-2-230x300.png 230w\" sizes=\"(max-width: 473px) 100vw, 473px\" \/><\/figure><div class=\"wp-block-media-text__content\">\n<div style=\"height:20px\" aria-hidden=\"true\" class=\"wp-block-spacer\"><\/div>\n\n\n\n<p class=\"portrait-text\">Would you like to individually promote and develop your employees so that a true partnership is created?<\/p>\n\n\n\n<p>Would you like to make a pit stop in your career and set a new course?<\/p>\n\n\n\n<p>Being open-minded and interested in others, I enjoy working with people and organisations, always with a pinch of humour and an open perspective.<\/p>\n\n\n\n<div style=\"height:30px\" aria-hidden=\"true\" class=\"wp-block-spacer\"><\/div>\n\n\n\n<div style=\"height:20px\" aria-hidden=\"true\" class=\"wp-block-spacer\"><\/div>\n<\/div><\/div>\n\n\n\n<div style=\"height:80px\" aria-hidden=\"true\" class=\"wp-block-spacer height-50-on-mobile\"><\/div>\n\n\n\n<p><\/p>\n\n\n\n<p>As a trainer and coach, I work with organisations that actively support their employees and thus make an important contribution to employee retention in order to find new ways to combat the shortage of skilled workers. <\/p>\n\n\n\n<p>I accompany individuals through transition and challenges from work entry to their pension. In 1:1 conversations I support and coach also you in making your next step into a new adventure.<\/p>\n\n\n\n<p class=\"no-underline\">With my extensive experience since 2008 as a trainer and coach in the international financial industry, in the educational sector and in integration, we develop together new, creative and above all sustainable solutions.<\/p>\n\n\n\n<p><\/p>\n\n\n\n<p><\/p>\n\n\n\n<p>I am looking forward to working with you!<\/p>\n\n\n\n<div style=\"height:50px\" aria-hidden=\"true\" class=\"wp-block-spacer\"><\/div>\n\n\n\n<h3 class=\"wp-block-heading\">Mirjam Trachsel<\/h3>\n\n\n\n<div style=\"height:50px\" aria-hidden=\"true\" class=\"wp-block-spacer\"><\/div>\n\n\n\n<h2 class=\"wp-block-heading title-left\">Workshop &#038; Coaching<\/h2>\n\n\n\n<div style=\"height:50px\" aria-hidden=\"true\" class=\"wp-block-spacer\"><\/div>\n\n\n\n<div class=\"wp-block-columns is-layout-flex wp-container-core-columns-is-layout-28f84493 wp-block-columns-is-layout-flex\">\n<div class=\"wp-block-column is-layout-flow wp-block-column-is-layout-flow\">\n<h3 class=\"wp-block-heading\">Workshop topics<\/h3>\n\n\n\n<p class=\"column-text\">As a company, would you like to accompany, support and develop your employees on their path so that a true partnership evolves?<\/p>\n\n\n\n<div style=\"height:30px\" aria-hidden=\"true\" class=\"wp-block-spacer\"><\/div>\n\n\n\n<div class=\"wp-block-buttons is-layout-flex wp-block-buttons-is-layout-flex\">\n<div class=\"wp-block-button has-custom-font-size is-style-outline is-style-outline--1\" style=\"font-size:clamp(14px, 0.875rem + ((1vw - 3.2px) * 0.417), 18px);\"><a class=\"wp-block-button__link wp-element-button\" href=\"https:\/\/crossways.ch\/en\/workshops\/\" style=\"border-radius:100px\" rel=\"workshops\">learn more<\/a><\/div>\n<\/div>\n<\/div>\n\n\n\n<div class=\"wp-block-column is-layout-flow wp-block-column-is-layout-flow\">\n<h3 class=\"wp-block-heading\">Coaching issues<\/h3>\n\n\n\n<p class=\"column-text\">As an individual, would you like to take a pit-stop, reflect on your backpack, bundle your resources and give it a fresh start?<\/p>\n\n\n\n<div style=\"height:30px\" aria-hidden=\"true\" class=\"wp-block-spacer\"><\/div>\n\n\n\n<div class=\"wp-block-buttons is-layout-flex wp-block-buttons-is-layout-flex\">\n<div class=\"wp-block-button has-custom-font-size is-style-outline is-style-outline--2\" style=\"font-size:clamp(14px, 0.875rem + ((1vw - 3.2px) * 0.417), 18px);\"><a class=\"wp-block-button__link wp-element-button\" href=\"https:\/\/crossways.ch\/en\/coaching\/\" style=\"border-radius:100px\" rel=\"coaching\">learn more<\/a><\/div>\n<\/div>\n<\/div>\n<\/div>","protected":false},"excerpt":{"rendered":"<p>Damit ArbeitSpass macht. Als Trainerin und Coach arbeite ich mit Organisationen, die ihre Mitarbeitenden aktiv unterst\u00fctzen und damit einen wichtigen Beitrag an die Mitarbeiterbindung leisten sowie neue Wege gegen den Fachkr\u00e4ftemangel angehen. Ich begleite Privatpersonen bei beruflichen \u00dcberg\u00e4ngen und Herausforderungen vom Berufseinstieg bis zur Pension. In 1:1 Gespr\u00e4chen unterst\u00fctze und coache ich auch Sie auf &hellip; <\/p>\n<p class=\"link-more\"><a href=\"https:\/\/crossways.ch\/en\/\" class=\"more-link\">Read more<span class=\"screen-reader-text\"> &#171;&#187;<\/span><\/a><\/p>","protected":false},"author":1,"featured_media":0,"parent":0,"menu_order":0,"comment_status":"closed","ping_status":"closed","template":"","meta":{"footnotes":""},"class_list":["post-22","page","type-page","status-publish","hentry"],"yoast_head":"<!-- This site is optimized with the Yoast SEO plugin v27.4 - https:\/\/yoast.com\/product\/yoast-seo-wordpress\/ -->\n<title>crossways - Home<\/title>\n<meta name=\"description\" content=\"Driving positive change at work\" \/>\n<meta name=\"robots\" content=\"index, follow, max-snippet:-1, max-image-preview:large, max-video-preview:-1\" \/>\n<link rel=\"canonical\" href=\"https:\/\/crossways.ch\/en\/\" \/>\n<meta property=\"og:locale\" content=\"en_GB\" \/>\n<meta property=\"og:type\" content=\"article\" \/>\n<meta property=\"og:title\" content=\"crossways - Home\" \/>\n<meta property=\"og:description\" content=\"Driving positive change at work\" \/>\n<meta property=\"og:url\" content=\"https:\/\/crossways.ch\/en\/\" \/>\n<meta property=\"og:site_name\" content=\"crossways\" \/>\n<meta property=\"article:modified_time\" content=\"2024-09-06T19:14:18+00:00\" \/>\n<meta property=\"og:image\" content=\"https:\/\/crossways.ch\/wp-content\/uploads\/2022\/09\/mirjam_darker-2.png\" \/>\n<meta name=\"twitter:card\" content=\"summary_large_image\" \/>\n<meta name=\"twitter:label1\" content=\"Estimated reading time\" \/>\n\t<meta name=\"twitter:data1\" content=\"2 minutes\" \/>\n<script type=\"application\/ld+json\" class=\"yoast-schema-graph\">{\"@context\":\"https:\\\/\\\/schema.org\",\"@graph\":[{\"@type\":\"WebPage\",\"@id\":\"https:\\\/\\\/crossways.ch\\\/\",\"url\":\"https:\\\/\\\/crossways.ch\\\/\",\"name\":\"crossways - Home\",\"isPartOf\":{\"@id\":\"https:\\\/\\\/crossways.ch\\\/#website\"},\"primaryImageOfPage\":{\"@id\":\"https:\\\/\\\/crossways.ch\\\/#primaryimage\"},\"image\":{\"@id\":\"https:\\\/\\\/crossways.ch\\\/#primaryimage\"},\"thumbnailUrl\":\"https:\\\/\\\/crossways.ch\\\/wp-content\\\/uploads\\\/2022\\\/09\\\/mirjam_darker-2.png\",\"datePublished\":\"2022-06-13T17:16:58+00:00\",\"dateModified\":\"2024-09-06T19:14:18+00:00\",\"description\":\"Driving positive change at work\",\"inLanguage\":\"en-GB\",\"potentialAction\":[{\"@type\":\"ReadAction\",\"target\":[\"https:\\\/\\\/crossways.ch\\\/\"]}]},{\"@type\":\"ImageObject\",\"inLanguage\":\"en-GB\",\"@id\":\"https:\\\/\\\/crossways.ch\\\/#primaryimage\",\"url\":\"https:\\\/\\\/crossways.ch\\\/wp-content\\\/uploads\\\/2022\\\/09\\\/mirjam_darker-2.png\",\"contentUrl\":\"https:\\\/\\\/crossways.ch\\\/wp-content\\\/uploads\\\/2022\\\/09\\\/mirjam_darker-2.png\"},{\"@type\":\"WebSite\",\"@id\":\"https:\\\/\\\/crossways.ch\\\/#website\",\"url\":\"https:\\\/\\\/crossways.ch\\\/\",\"name\":\"crossways\",\"description\":\"Driving positive change at work\",\"publisher\":{\"@id\":\"https:\\\/\\\/crossways.ch\\\/#organization\"},\"potentialAction\":[{\"@type\":\"SearchAction\",\"target\":{\"@type\":\"EntryPoint\",\"urlTemplate\":\"https:\\\/\\\/crossways.ch\\\/?s={search_term_string}\"},\"query-input\":{\"@type\":\"PropertyValueSpecification\",\"valueRequired\":true,\"valueName\":\"search_term_string\"}}],\"inLanguage\":\"en-GB\"},{\"@type\":\"Organization\",\"@id\":\"https:\\\/\\\/crossways.ch\\\/#organization\",\"name\":\"crossways\",\"url\":\"https:\\\/\\\/crossways.ch\\\/\",\"logo\":{\"@type\":\"ImageObject\",\"inLanguage\":\"en-GB\",\"@id\":\"https:\\\/\\\/crossways.ch\\\/#\\\/schema\\\/logo\\\/image\\\/\",\"url\":\"https:\\\/\\\/crossways.ch\\\/wp-content\\\/uploads\\\/2022\\\/09\\\/Frame-2.svg\",\"contentUrl\":\"https:\\\/\\\/crossways.ch\\\/wp-content\\\/uploads\\\/2022\\\/09\\\/Frame-2.svg\",\"width\":80,\"height\":40,\"caption\":\"crossways\"},\"image\":{\"@id\":\"https:\\\/\\\/crossways.ch\\\/#\\\/schema\\\/logo\\\/image\\\/\"}}]}<\/script>\n<!-- \/ Yoast SEO plugin. -->","yoast_head_json":{"title":"crossways - Home","description":"Driving positive change at work","robots":{"index":"index","follow":"follow","max-snippet":"max-snippet:-1","max-image-preview":"max-image-preview:large","max-video-preview":"max-video-preview:-1"},"canonical":"https:\/\/crossways.ch\/en\/","og_locale":"en_GB","og_type":"article","og_title":"crossways - Home","og_description":"Driving positive change at work","og_url":"https:\/\/crossways.ch\/en\/","og_site_name":"crossways","article_modified_time":"2024-09-06T19:14:18+00:00","og_image":[{"url":"https:\/\/crossways.ch\/wp-content\/uploads\/2022\/09\/mirjam_darker-2.png","type":"","width":"","height":""}],"twitter_card":"summary_large_image","twitter_misc":{"Estimated reading time":"2 minutes"},"schema":{"@context":"https:\/\/schema.org","@graph":[{"@type":"WebPage","@id":"https:\/\/crossways.ch\/","url":"https:\/\/crossways.ch\/","name":"crossways - Home","isPartOf":{"@id":"https:\/\/crossways.ch\/#website"},"primaryImageOfPage":{"@id":"https:\/\/crossways.ch\/#primaryimage"},"image":{"@id":"https:\/\/crossways.ch\/#primaryimage"},"thumbnailUrl":"https:\/\/crossways.ch\/wp-content\/uploads\/2022\/09\/mirjam_darker-2.png","datePublished":"2022-06-13T17:16:58+00:00","dateModified":"2024-09-06T19:14:18+00:00","description":"Driving positive change at work","inLanguage":"en-GB","potentialAction":[{"@type":"ReadAction","target":["https:\/\/crossways.ch\/"]}]},{"@type":"ImageObject","inLanguage":"en-GB","@id":"https:\/\/crossways.ch\/#primaryimage","url":"https:\/\/crossways.ch\/wp-content\/uploads\/2022\/09\/mirjam_darker-2.png","contentUrl":"https:\/\/crossways.ch\/wp-content\/uploads\/2022\/09\/mirjam_darker-2.png"},{"@type":"WebSite","@id":"https:\/\/crossways.ch\/#website","url":"https:\/\/crossways.ch\/","name":"crossways","description":"Driving positive change at work","publisher":{"@id":"https:\/\/crossways.ch\/#organization"},"potentialAction":[{"@type":"SearchAction","target":{"@type":"EntryPoint","urlTemplate":"https:\/\/crossways.ch\/?s={search_term_string}"},"query-input":{"@type":"PropertyValueSpecification","valueRequired":true,"valueName":"search_term_string"}}],"inLanguage":"en-GB"},{"@type":"Organization","@id":"https:\/\/crossways.ch\/#organization","name":"crossways","url":"https:\/\/crossways.ch\/","logo":{"@type":"ImageObject","inLanguage":"en-GB","@id":"https:\/\/crossways.ch\/#\/schema\/logo\/image\/","url":"https:\/\/crossways.ch\/wp-content\/uploads\/2022\/09\/Frame-2.svg","contentUrl":"https:\/\/crossways.ch\/wp-content\/uploads\/2022\/09\/Frame-2.svg","width":80,"height":40,"caption":"crossways"},"image":{"@id":"https:\/\/crossways.ch\/#\/schema\/logo\/image\/"}}]}},"_links":{"self":[{"href":"https:\/\/crossways.ch\/en\/wp-json\/wp\/v2\/pages\/22","targetHints":{"allow":["GET"]}}],"collection":[{"href":"https:\/\/crossways.ch\/en\/wp-json\/wp\/v2\/pages"}],"about":[{"href":"https:\/\/crossways.ch\/en\/wp-json\/wp\/v2\/types\/page"}],"author":[{"embeddable":true,"href":"https:\/\/crossways.ch\/en\/wp-json\/wp\/v2\/users\/1"}],"replies":[{"embeddable":true,"href":"https:\/\/crossways.ch\/en\/wp-json\/wp\/v2\/comments?post=22"}],"version-history":[{"count":88,"href":"https:\/\/crossways.ch\/en\/wp-json\/wp\/v2\/pages\/22\/revisions"}],"predecessor-version":[{"id":1515,"href":"https:\/\/crossways.ch\/en\/wp-json\/wp\/v2\/pages\/22\/revisions\/1515"}],"wp:attachment":[{"href":"https:\/\/crossways.ch\/en\/wp-json\/wp\/v2\/media?parent=22"}],"curies":[{"name":"wp","href":"https:\/\/api.w.org\/{rel}","templated":true}]}}